{"id":2236,"date":"2026-03-27T16:40:48","date_gmt":"2026-03-27T15:40:48","guid":{"rendered":"https:\/\/slvicomtais.fr\/?page_id=2236"},"modified":"2026-03-27T16:40:48","modified_gmt":"2026-03-27T15:40:48","slug":"loisirs","status":"publish","type":"page","link":"https:\/\/slvicomtais.fr\/?page_id=2236","title":{"rendered":"LOISIRS"},"content":{"rendered":"\n<h3 class=\"wp-block-heading\">Handball Loisirs Adultes \u2013 SL Vicomtais<\/h3>\n\n\n\n<p>Le\u00a0<strong>handball loisirs<\/strong>\u00a0du SL Vicomtais est une activit\u00e9 conviviale et accessible \u00e0 tous, o\u00f9\u00a0<strong>plaisir, sport et esprit d\u2019\u00e9quipe<\/strong>\u00a0sont au c\u0153ur de chaque s\u00e9ance. Que vous soyez d\u00e9butant ou ancien joueur, venez partager des moments dynamiques sans pression de comp\u00e9tition.<\/p>\n\n\n\n<h3 class=\"wp-block-heading\">Motivation<\/h3>\n\n\n\n<p>L\u2019objectif est simple :&nbsp;<strong>se d\u00e9penser, se divertir et rencontrer d\u2019autres passionn\u00e9s<\/strong>&nbsp;dans une ambiance chaleureuse et d\u00e9tendue. Nos s\u00e9ances permettent de garder la forme tout en profitant du plaisir du jeu collectif.<\/p>\n\n\n\n<div class=\"wp-block-media-text alignwide is-stacked-on-mobile\"><figure class=\"wp-block-media-text__media\"><img loading=\"lazy\" decoding=\"async\" width=\"1024\" height=\"721\" src=\"https:\/\/slvicomtais.fr\/wp-content\/uploads\/2026\/03\/10-1024x721.jpg\" alt=\"\" class=\"wp-image-2237 size-full\" srcset=\"https:\/\/slvicomtais.fr\/wp-content\/uploads\/2026\/03\/10-1024x721.jpg 1024w, https:\/\/slvicomtais.fr\/wp-content\/uploads\/2026\/03\/10-300x211.jpg 300w, https:\/\/slvicomtais.fr\/wp-content\/uploads\/2026\/03\/10-768x541.jpg 768w, https:\/\/slvicomtais.fr\/wp-content\/uploads\/2026\/03\/10-1536x1082.jpg 1536w, https:\/\/slvicomtais.fr\/wp-content\/uploads\/2026\/03\/10.jpg 2000w\" sizes=\"auto, (max-width: 1024px) 100vw, 1024px\" \/><\/figure><div class=\"wp-block-media-text__content\">\n<p><strong>Lieux \u00a0<\/strong>: Salle Cyril Dumoulin \u00e0 la Chaize le vicomtes<br><br><strong>Entrainements\u00a0ou soir de match :<\/strong><br>Jeudi soir : 21h00<\/p>\n\n\n\n<p><strong>Coach\u00a0<\/strong>: Ludovic Guitton <\/p>\n\n\n\n<p><strong>Tel :<\/strong>\u00a006.11.85.54.45\u00a0<br><\/p>\n\n\n\n<p><em>Cr\u00e9dit photo&nbsp;:&nbsp;<\/em>2B Photographie \u2013 B\u00e9r\u00e9nice<\/p>\n<\/div><\/div>\n\n\n\n<p>Rejoindre les loisirs du SLV c\u2019est :<\/p>\n\n\n\n<ul class=\"wp-block-list\">\n<li>Retrouver le plaisir de jouer sans pression<\/li>\n\n\n\n<li>Se maintenir en forme et am\u00e9liorer sa coordination<\/li>\n\n\n\n<li>Partager des\u00a0<strong>moments conviviaux<\/strong>\u00a0avec d\u2019autres adultes<\/li>\n\n\n\n<li>D\u00e9couvrir ou red\u00e9couvrir le handball dans une ambiance fun et inclusive<\/li>\n<\/ul>\n\n\n<div class=\"wp-block-image\">\n<figure class=\"alignleft size-large is-resized\"><img loading=\"lazy\" decoding=\"async\" width=\"1024\" height=\"408\" src=\"https:\/\/slvicomtais.fr\/wp-content\/uploads\/2026\/03\/Capture-decran-2026-03-27-a-16.35.12-1024x408.png\" alt=\"\" class=\"wp-image-2239\" style=\"aspect-ratio:2.2344328858065854;width:551px;height:auto\" srcset=\"https:\/\/slvicomtais.fr\/wp-content\/uploads\/2026\/03\/Capture-decran-2026-03-27-a-16.35.12-1024x408.png 1024w, https:\/\/slvicomtais.fr\/wp-content\/uploads\/2026\/03\/Capture-decran-2026-03-27-a-16.35.12-300x119.png 300w, https:\/\/slvicomtais.fr\/wp-content\/uploads\/2026\/03\/Capture-decran-2026-03-27-a-16.35.12-768x306.png 768w, https:\/\/slvicomtais.fr\/wp-content\/uploads\/2026\/03\/Capture-decran-2026-03-27-a-16.35.12-1536x611.png 1536w, https:\/\/slvicomtais.fr\/wp-content\/uploads\/2026\/03\/Capture-decran-2026-03-27-a-16.35.12-2048x815.png 2048w\" sizes=\"auto, (max-width: 1024px) 100vw, 1024px\" \/><\/figure>\n<\/div>\n\n\n<figure class=\"wp-block-image size-large is-resized\"><img loading=\"lazy\" decoding=\"async\" width=\"1024\" height=\"458\" src=\"https:\/\/slvicomtais.fr\/wp-content\/uploads\/2026\/03\/Capture-decran-2026-03-27-a-16.34.26-1-1024x458.png\" alt=\"\" class=\"wp-image-2240\" style=\"aspect-ratio:2.2344328858065854;width:559px;height:auto\" srcset=\"https:\/\/slvicomtais.fr\/wp-content\/uploads\/2026\/03\/Capture-decran-2026-03-27-a-16.34.26-1-1024x458.png 1024w, https:\/\/slvicomtais.fr\/wp-content\/uploads\/2026\/03\/Capture-decran-2026-03-27-a-16.34.26-1-300x134.png 300w, https:\/\/slvicomtais.fr\/wp-content\/uploads\/2026\/03\/Capture-decran-2026-03-27-a-16.34.26-1-768x344.png 768w, https:\/\/slvicomtais.fr\/wp-content\/uploads\/2026\/03\/Capture-decran-2026-03-27-a-16.34.26-1-1536x687.png 1536w, https:\/\/slvicomtais.fr\/wp-content\/uploads\/2026\/03\/Capture-decran-2026-03-27-a-16.34.26-1-2048x917.png 2048w\" sizes=\"auto, (max-width: 1024px) 100vw, 1024px\" \/><\/figure>\n\n\n\n<div class=\"wp-block-columns is-layout-flex wp-container-core-columns-is-layout-9d6595d7 wp-block-columns-is-layout-flex\">\n<div class=\"wp-block-column is-layout-flow wp-block-column-is-layout-flow\">\n<figure class=\"wp-block-image size-large\"><img loading=\"lazy\" decoding=\"async\" width=\"1024\" height=\"427\" src=\"https:\/\/slvicomtais.fr\/wp-content\/uploads\/2026\/03\/Capture-decran-2026-03-27-a-16.34.53-1024x427.png\" alt=\"\" class=\"wp-image-2241\" srcset=\"https:\/\/slvicomtais.fr\/wp-content\/uploads\/2026\/03\/Capture-decran-2026-03-27-a-16.34.53-1024x427.png 1024w, https:\/\/slvicomtais.fr\/wp-content\/uploads\/2026\/03\/Capture-decran-2026-03-27-a-16.34.53-300x125.png 300w, https:\/\/slvicomtais.fr\/wp-content\/uploads\/2026\/03\/Capture-decran-2026-03-27-a-16.34.53-768x320.png 768w, https:\/\/slvicomtais.fr\/wp-content\/uploads\/2026\/03\/Capture-decran-2026-03-27-a-16.34.53-1536x640.png 1536w, https:\/\/slvicomtais.fr\/wp-content\/uploads\/2026\/03\/Capture-decran-2026-03-27-a-16.34.53-2048x853.png 2048w\" sizes=\"auto, (max-width: 1024px) 100vw, 1024px\" \/><\/figure>\n<\/div>\n\n\n\n<div class=\"wp-block-column is-layout-flow wp-block-column-is-layout-flow\"><\/div>\n<\/div>\n","protected":false},"excerpt":{"rendered":"<p>Handball Loisirs Adultes \u2013 SL Vicomtais Le\u00a0handball loisirs\u00a0du SL Vicomtais est une activit\u00e9 conviviale et accessible \u00e0 tous, o\u00f9\u00a0plaisir, sport et esprit d\u2019\u00e9quipe\u00a0sont au c\u0153ur de chaque s\u00e9ance. Que vous soyez d\u00e9butant ou ancien joueur, venez partager des moments dynamiques sans pression de comp\u00e9tition. Motivation L\u2019objectif est simple :&nbsp;se d\u00e9penser, se divertir et rencontrer d\u2019autres&#8230;<\/p>\n","protected":false},"author":813,"featured_media":0,"parent":0,"menu_order":0,"comment_status":"closed","ping_status":"closed","template":"","meta":{"_kadence_starter_templates_imported_post":false,"_kad_post_transparent":"","_kad_post_title":"","_kad_post_layout":"","_kad_post_sidebar_id":"","_kad_post_content_style":"","_kad_post_vertical_padding":"","_kad_post_feature":"","_kad_post_feature_position":"","_kad_post_header":false,"_kad_post_footer":false,"footnotes":""},"class_list":["post-2236","page","type-page","status-publish","hentry"],"_links":{"self":[{"href":"https:\/\/slvicomtais.fr\/index.php?rest_route=\/wp\/v2\/pages\/2236","targetHints":{"allow":["GET"]}}],"collection":[{"href":"https:\/\/slvicomtais.fr\/index.php?rest_route=\/wp\/v2\/pages"}],"about":[{"href":"https:\/\/slvicomtais.fr\/index.php?rest_route=\/wp\/v2\/types\/page"}],"author":[{"embeddable":true,"href":"https:\/\/slvicomtais.fr\/index.php?rest_route=\/wp\/v2\/users\/813"}],"replies":[{"embeddable":true,"href":"https:\/\/slvicomtais.fr\/index.php?rest_route=%2Fwp%2Fv2%2Fcomments&post=2236"}],"version-history":[{"count":1,"href":"https:\/\/slvicomtais.fr\/index.php?rest_route=\/wp\/v2\/pages\/2236\/revisions"}],"predecessor-version":[{"id":2242,"href":"https:\/\/slvicomtais.fr\/index.php?rest_route=\/wp\/v2\/pages\/2236\/revisions\/2242"}],"wp:attachment":[{"href":"https:\/\/slvicomtais.fr\/index.php?rest_route=%2Fwp%2Fv2%2Fmedia&parent=2236"}],"curies":[{"name":"wp","href":"https:\/\/api.w.org\/{rel}","templated":true}]}}