{"id":2229,"date":"2026-03-27T16:21:31","date_gmt":"2026-03-27T15:21:31","guid":{"rendered":"https:\/\/slvicomtais.fr\/?page_id=2229"},"modified":"2026-03-27T16:21:31","modified_gmt":"2026-03-27T15:21:31","slug":"ecole-de-hand-2","status":"publish","type":"page","link":"https:\/\/slvicomtais.fr\/?page_id=2229","title":{"rendered":"\u00c9COLE DE HAND"},"content":{"rendered":"\n<p class=\"has-text-align-center\">L\u2019\u00e9cole de handball du\u00a0<strong>SL Vicomtais<\/strong>\u00a0est bien plus qu\u2019un lieu d\u2019apprentissage : c\u2019est un espace o\u00f9 les enfants grandissent, s\u2019amusent et d\u00e9veloppent leur esprit d\u2019\u00e9quipe. Chaque s\u00e9ance est pens\u00e9e pour allier\u00a0<strong>plaisir, motricit\u00e9 et d\u00e9couverte du handball<\/strong>, quel que soit le niveau ou l\u2019exp\u00e9rience.<\/p>\n\n\n\n<p class=\"has-text-align-center\">Nos <strong>\u00e9ducateurs sportifs vont chercher vos enfants \u00e0 la sortie des \u00e9coles de La Chaize<\/strong>\u00a0pour les amener directement \u00e0 l\u2019entra\u00eenement qui suit, afin de faciliter la logistique pour les familles.<\/p>\n\n\n\n<h3 class=\"wp-block-heading has-text-align-center\">Motivation<\/h3>\n\n\n\n<p class=\"has-text-align-center\">Nous encourageons chaque enfant \u00e0 progresser \u00e0 son rythme, \u00e0 prendre confiance en lui et \u00e0 s\u2019\u00e9panouir dans un cadre&nbsp;<strong>convivial et bienveillant<\/strong>. L\u2019\u00e9cole de handball transmet les valeurs du sport : respect, solidarit\u00e9 et d\u00e9passement de soi.<\/p>\n\n\n\n<div class=\"wp-block-media-text is-stacked-on-mobile\"><figure class=\"wp-block-media-text__media\"><img loading=\"lazy\" decoding=\"async\" width=\"1024\" height=\"721\" src=\"https:\/\/slvicomtais.fr\/wp-content\/uploads\/2026\/03\/8-1-1024x721.jpg\" alt=\"\" class=\"wp-image-2230 size-full\" srcset=\"https:\/\/slvicomtais.fr\/wp-content\/uploads\/2026\/03\/8-1-1024x721.jpg 1024w, https:\/\/slvicomtais.fr\/wp-content\/uploads\/2026\/03\/8-1-300x211.jpg 300w, https:\/\/slvicomtais.fr\/wp-content\/uploads\/2026\/03\/8-1-768x541.jpg 768w, https:\/\/slvicomtais.fr\/wp-content\/uploads\/2026\/03\/8-1-1536x1082.jpg 1536w, https:\/\/slvicomtais.fr\/wp-content\/uploads\/2026\/03\/8-1.jpg 2000w\" sizes=\"auto, (max-width: 1024px) 100vw, 1024px\" \/><\/figure><div class=\"wp-block-media-text__content\">\n<p><strong>Entraineur\u00a0<\/strong>: Louis Le Biavant<br><strong>Lieux<\/strong> : Salle Cyril Dumoulin \u00e0 la Chaize le Vicomte <br><strong>Entrainements\u00a0:<\/strong><br>Mardi soir : 17h00-18h15<\/p>\n\n\n\n<p><strong>Coach\u00a0<\/strong>: <\/p>\n\n\n\n<p><strong>Championnat :<\/strong>\u00a0Non comp\u00e9titif\u00a0<br>Suivez les r\u00e9sultats : <a href=\"https:\/\/www.ffhandball.fr\/competitions\/saison-2025-2026-21\/departemental\/ecole-de-hand-non-competitif-6-7-ans-27948\/poule-182304\/\">\u00c9cole de hand NON COMP\u00c9TITIF calendrier et r\u00e9sultats  <\/a><\/p>\n\n\n\n<p><em>Cr\u00e9dit photo&nbsp;:&nbsp;<\/em>2B Photographie \u2013 B\u00e9r\u00e9nice<\/p>\n<\/div><\/div>\n\n\n\n<h3 class=\"wp-block-heading has-text-align-center\">Mat\u00e9rielS<\/h3>\n\n\n\n<ul class=\"wp-block-list\">\n<li>Ballons de handball adapt\u00e9s \u00e0 l\u2019\u00e2ge des enfants (taille 0) <\/li>\n\n\n\n<li>Mini-buts <\/li>\n<\/ul>\n\n\n\n<h3 class=\"wp-block-heading has-text-align-center\">Pourquoi nous rejoindre ?<\/h3>\n\n\n\n<p class=\"has-text-align-center\">Rejoindre l\u2019\u00e9cole de handball, c\u2019est offrir \u00e0 son enfant une\u00a0<strong>activit\u00e9 sportive compl\u00e8te<\/strong>, d\u00e9velopper sa coordination, sa concentration et son esprit collectif, tout en partageant des moments\u00a0<strong>inoubliables<\/strong>\u00a0avec ses camarades.<\/p>\n\n\n\n<p><\/p>\n","protected":false},"excerpt":{"rendered":"<p>L\u2019\u00e9cole de handball du\u00a0SL Vicomtais\u00a0est bien plus qu\u2019un lieu d\u2019apprentissage : c\u2019est un espace o\u00f9 les enfants grandissent, s\u2019amusent et d\u00e9veloppent leur esprit d\u2019\u00e9quipe. Chaque s\u00e9ance est pens\u00e9e pour allier\u00a0plaisir, motricit\u00e9 et d\u00e9couverte du handball, quel que soit le niveau ou l\u2019exp\u00e9rience. Nos \u00e9ducateurs sportifs vont chercher vos enfants \u00e0 la sortie des \u00e9coles de&#8230;<\/p>\n","protected":false},"author":813,"featured_media":0,"parent":0,"menu_order":0,"comment_status":"closed","ping_status":"closed","template":"","meta":{"_kadence_starter_templates_imported_post":false,"_kad_post_transparent":"","_kad_post_title":"","_kad_post_layout":"","_kad_post_sidebar_id":"","_kad_post_content_style":"","_kad_post_vertical_padding":"","_kad_post_feature":"","_kad_post_feature_position":"","_kad_post_header":false,"_kad_post_footer":false,"footnotes":""},"class_list":["post-2229","page","type-page","status-publish","hentry"],"_links":{"self":[{"href":"https:\/\/slvicomtais.fr\/index.php?rest_route=\/wp\/v2\/pages\/2229","targetHints":{"allow":["GET"]}}],"collection":[{"href":"https:\/\/slvicomtais.fr\/index.php?rest_route=\/wp\/v2\/pages"}],"about":[{"href":"https:\/\/slvicomtais.fr\/index.php?rest_route=\/wp\/v2\/types\/page"}],"author":[{"embeddable":true,"href":"https:\/\/slvicomtais.fr\/index.php?rest_route=\/wp\/v2\/users\/813"}],"replies":[{"embeddable":true,"href":"https:\/\/slvicomtais.fr\/index.php?rest_route=%2Fwp%2Fv2%2Fcomments&post=2229"}],"version-history":[{"count":1,"href":"https:\/\/slvicomtais.fr\/index.php?rest_route=\/wp\/v2\/pages\/2229\/revisions"}],"predecessor-version":[{"id":2231,"href":"https:\/\/slvicomtais.fr\/index.php?rest_route=\/wp\/v2\/pages\/2229\/revisions\/2231"}],"wp:attachment":[{"href":"https:\/\/slvicomtais.fr\/index.php?rest_route=%2Fwp%2Fv2%2Fmedia&parent=2229"}],"curies":[{"name":"wp","href":"https:\/\/api.w.org\/{rel}","templated":true}]}}