{"id":2189,"date":"2026-03-26T18:39:51","date_gmt":"2026-03-26T17:39:51","guid":{"rendered":"https:\/\/slvicomtais.fr\/?page_id=2189"},"modified":"2026-03-27T14:58:32","modified_gmt":"2026-03-27T13:58:32","slug":"handfauteuil","status":"publish","type":"page","link":"https:\/\/slvicomtais.fr\/?page_id=2189","title":{"rendered":"HAND-FAUTEUIL"},"content":{"rendered":"\n<h2 class=\"wp-block-heading has-theme-palette-1-color has-text-color\">qu&rsquo;est ce que le hand-fAUTEUIL ?<\/h2>\n\n\n\n<div class=\"wp-block-media-text alignwide is-stacked-on-mobile\" style=\"grid-template-columns:23% auto\"><figure class=\"wp-block-media-text__media\"><img loading=\"lazy\" decoding=\"async\" width=\"264\" height=\"264\" src=\"https:\/\/slvicomtais.fr\/wp-content\/uploads\/2026\/03\/FFHB_LOGO_HANDENSEMBLE_Q.png\" alt=\"\" class=\"wp-image-2201 size-full\" srcset=\"https:\/\/slvicomtais.fr\/wp-content\/uploads\/2026\/03\/FFHB_LOGO_HANDENSEMBLE_Q.png 264w, https:\/\/slvicomtais.fr\/wp-content\/uploads\/2026\/03\/FFHB_LOGO_HANDENSEMBLE_Q-150x150.png 150w\" sizes=\"auto, (max-width: 264px) 100vw, 264px\" \/><\/figure><div class=\"wp-block-media-text__content\">\n<p>Le hand-fauteuil au SLV, c\u2019est bien plus qu\u2019un sport : c\u2019est une aventure humaine forte, accessible \u00e0 tous, o\u00f9 chacun trouve sa place. Entre vitesse, intensit\u00e9 et esprit d\u2019\u00e9quipe, chaque s\u00e9ance est un moment de partage, de d\u00e9passement de soi et de plaisir.<\/p>\n\n\n\n<p>Seule \u00e9quipe de hand-fauteuil en Vend\u00e9e, le SLV est fier de proposer une activit\u00e9 inclusive et unique sur le territoire. Que tu sois d\u00e9butant, sportif confirm\u00e9, en situation de handicap ou non, viens d\u00e9couvrir une pratique diff\u00e9rente, conviviale et pleine d\u2019\u00e9nergie.<\/p>\n\n\n\n<p>Rejoins-nous et fais partie d\u2019une \u00e9quipe qui roule ensemble vers la m\u00eame passion !<\/p>\n<\/div><\/div>\n\n\n\n<div class=\"wp-block-columns is-layout-flex wp-container-core-columns-is-layout-9d6595d7 wp-block-columns-is-layout-flex\">\n<div class=\"wp-block-column is-layout-flow wp-block-column-is-layout-flow\"><div class=\"wp-block-image\">\n<figure class=\"aligncenter size-full is-resized\"><img loading=\"lazy\" decoding=\"async\" width=\"1070\" height=\"714\" src=\"https:\/\/slvicomtais.fr\/wp-content\/uploads\/2026\/03\/Capture-decran-2026-03-27-a-14.34.23.png\" alt=\"\" class=\"wp-image-2203\" style=\"width:278px;height:174px\" srcset=\"https:\/\/slvicomtais.fr\/wp-content\/uploads\/2026\/03\/Capture-decran-2026-03-27-a-14.34.23.png 1070w, https:\/\/slvicomtais.fr\/wp-content\/uploads\/2026\/03\/Capture-decran-2026-03-27-a-14.34.23-300x200.png 300w, https:\/\/slvicomtais.fr\/wp-content\/uploads\/2026\/03\/Capture-decran-2026-03-27-a-14.34.23-1024x683.png 1024w, https:\/\/slvicomtais.fr\/wp-content\/uploads\/2026\/03\/Capture-decran-2026-03-27-a-14.34.23-768x512.png 768w\" sizes=\"auto, (max-width: 1070px) 100vw, 1070px\" \/><\/figure>\n<\/div><\/div>\n\n\n\n<div class=\"wp-block-column is-layout-flow wp-block-column-is-layout-flow\"><div class=\"wp-block-image\">\n<figure class=\"aligncenter size-full is-resized\"><img loading=\"lazy\" decoding=\"async\" width=\"978\" height=\"462\" src=\"https:\/\/slvicomtais.fr\/wp-content\/uploads\/2026\/03\/Capture-decran-2026-03-27-a-14.35.11.png\" alt=\"\" class=\"wp-image-2204\" style=\"width:279px;height:173px\" srcset=\"https:\/\/slvicomtais.fr\/wp-content\/uploads\/2026\/03\/Capture-decran-2026-03-27-a-14.35.11.png 978w, https:\/\/slvicomtais.fr\/wp-content\/uploads\/2026\/03\/Capture-decran-2026-03-27-a-14.35.11-300x142.png 300w, https:\/\/slvicomtais.fr\/wp-content\/uploads\/2026\/03\/Capture-decran-2026-03-27-a-14.35.11-768x363.png 768w\" sizes=\"auto, (max-width: 978px) 100vw, 978px\" \/><\/figure>\n<\/div><\/div>\n\n\n\n<div class=\"wp-block-column is-layout-flow wp-block-column-is-layout-flow\"><div class=\"wp-block-image\">\n<figure class=\"aligncenter size-full is-resized\"><img loading=\"lazy\" decoding=\"async\" width=\"910\" height=\"526\" src=\"https:\/\/slvicomtais.fr\/wp-content\/uploads\/2026\/03\/Capture-decran-2026-03-27-a-14.35.41.png\" alt=\"\" class=\"wp-image-2206\" style=\"width:275px;height:174px\" srcset=\"https:\/\/slvicomtais.fr\/wp-content\/uploads\/2026\/03\/Capture-decran-2026-03-27-a-14.35.41.png 910w, https:\/\/slvicomtais.fr\/wp-content\/uploads\/2026\/03\/Capture-decran-2026-03-27-a-14.35.41-300x173.png 300w, https:\/\/slvicomtais.fr\/wp-content\/uploads\/2026\/03\/Capture-decran-2026-03-27-a-14.35.41-768x444.png 768w\" sizes=\"auto, (max-width: 910px) 100vw, 910px\" \/><\/figure>\n<\/div><\/div>\n<\/div>\n\n\n\n<div class=\"wp-block-columns is-layout-flex wp-container-core-columns-is-layout-9d6595d7 wp-block-columns-is-layout-flex\">\n<div class=\"wp-block-column is-layout-flow wp-block-column-is-layout-flow\">\n<h2 class=\"wp-block-heading has-text-align-center has-theme-palette-1-color has-text-color has-medium-font-size\">UNE PRATIQUE MODERNE ET ACCESSIBLE<\/h2>\n<\/div>\n\n\n\n<div class=\"wp-block-column is-layout-flow wp-block-column-is-layout-flow\">\n<h2 class=\"wp-block-heading has-text-align-center has-theme-palette-1-color has-text-color has-medium-font-size\">UNE PRATIQUE <br>INNOVANTE<\/h2>\n<\/div>\n\n\n\n<div class=\"wp-block-column is-layout-flow wp-block-column-is-layout-flow\">\n<h2 class=\"wp-block-heading has-text-align-center has-theme-palette-1-color has-text-color has-medium-font-size\">UNE PRATIQUE ACCOMPAGNEE<\/h2>\n<\/div>\n<\/div>\n\n\n\n<div class=\"wp-block-columns is-layout-flex wp-container-core-columns-is-layout-9d6595d7 wp-block-columns-is-layout-flex\">\n<div class=\"wp-block-column is-layout-flow wp-block-column-is-layout-flow\">\n<p class=\"has-text-align-center has-theme-palette-3-color has-text-color\">S\u00e9ance classique (1h30), salle adapt\u00e9 \u00e0 la pratique (terrain, vestiaire, bar, porte automatique&#8230;)<\/p>\n\n\n\n<p class=\"has-text-align-center\">CR\u00c9ATION EN 2026 <\/p>\n<\/div>\n\n\n\n<div class=\"wp-block-column is-layout-flow wp-block-column-is-layout-flow\">\n<p class=\"has-text-align-center has-theme-palette-3-color has-text-color\">Le SL Vicomtais a cr\u00e9\u00e9 sa propre \u00e9quipe de hand-fauteuil et reste la seule \u00e9quipe vend\u00e9enne \u00e0 proposer cette activit\u00e9.<\/p>\n<\/div>\n\n\n\n<div class=\"wp-block-column is-layout-flow wp-block-column-is-layout-flow\">\n<p class=\"has-text-align-center\">L\u2019animateur et le coach de hand-fauteuil seront l\u00e0 pour vous accompagner lors de vos s\u00e9ances.<\/p>\n<\/div>\n<\/div>\n\n\n\n<h2 class=\"wp-block-heading\"><br><br>LES DIFF\u00c9RENTES R\u00c8GLES ET \u00c9QUIPEMENTS PROPOS\u00c9S:<\/h2>\n\n\n\n<div class=\"wp-block-media-text is-stacked-on-mobile\"><figure class=\"wp-block-media-text__media\"><img loading=\"lazy\" decoding=\"async\" width=\"1024\" height=\"955\" src=\"https:\/\/slvicomtais.fr\/wp-content\/uploads\/2026\/03\/Capture-decran-2026-03-27-a-14.40.46-1024x955.png\" alt=\"\" class=\"wp-image-2207 size-full\" srcset=\"https:\/\/slvicomtais.fr\/wp-content\/uploads\/2026\/03\/Capture-decran-2026-03-27-a-14.40.46-1024x955.png 1024w, https:\/\/slvicomtais.fr\/wp-content\/uploads\/2026\/03\/Capture-decran-2026-03-27-a-14.40.46-300x280.png 300w, https:\/\/slvicomtais.fr\/wp-content\/uploads\/2026\/03\/Capture-decran-2026-03-27-a-14.40.46-768x717.png 768w, https:\/\/slvicomtais.fr\/wp-content\/uploads\/2026\/03\/Capture-decran-2026-03-27-a-14.40.46.png 1374w\" sizes=\"auto, (max-width: 1024px) 100vw, 1024px\" \/><\/figure><div class=\"wp-block-media-text__content\">\n<p><strong>Fauteuil roulant sportif<\/strong>\u00a0: Marque : RGK : l\u00e9ger, maniable, avec roues inclin\u00e9es et souvent une barre anti-bascule<\/p>\n\n\n\n<p><strong>Ballon de handball<\/strong>\u00a0: identique au hand classique (taille 2)<\/p>\n\n\n\n<p><strong>Protections<\/strong>&nbsp;: gants (souvent utilis\u00e9s), sangles de maintien, parfois protections pour les roues\/fauteuil<\/p>\n\n\n\n<p><strong>Terrain<\/strong>\u00a0: terrain de handball classique<\/p>\n\n\n\n<p><strong>Terrain<\/strong>\u00a0: terrain de handball classique ou am\u00e9nag\u00e9 selon le niveau<\/p>\n\n\n\n<h2 class=\"wp-block-heading\">Les informations importantes<\/h2>\n\n\n\n<p><strong>S\u00e9curit\u00e9<\/strong>\u00a0: apprentissage du contr\u00f4le du fauteuil essentiel<\/p>\n\n\n\n<p><strong>Accessible \u00e0 tous<\/strong>\u00a0: personnes en situation de handicap ou valides (pratique inclusive)<\/p>\n\n\n\n<p><strong>Mixit\u00e9<\/strong>\u00a0: \u00e9quipes mixtes  (\u00e2ge, niveau, genre)<\/p>\n\n\n\n<p><strong>Objectifs<\/strong>\u00a0: plaisir, inclusion, esprit d\u2019\u00e9quipe et d\u00e9passement de soi<\/p>\n<\/div><\/div>\n\n\n\n<h2 class=\"wp-block-heading\">lE HAND-fauteuil AU SEIN DU club :<\/h2>\n\n\n\n<p><\/p>\n\n\n\n<div class=\"wp-block-media-text alignwide is-stacked-on-mobile\"><figure class=\"wp-block-media-text__media\"><img loading=\"lazy\" decoding=\"async\" width=\"1024\" height=\"683\" src=\"https:\/\/slvicomtais.fr\/wp-content\/uploads\/2026\/03\/Capture-decran-2026-03-27-a-14.34.23-2-1024x683.png\" alt=\"\" class=\"wp-image-2209 size-full\" srcset=\"https:\/\/slvicomtais.fr\/wp-content\/uploads\/2026\/03\/Capture-decran-2026-03-27-a-14.34.23-2-1024x683.png 1024w, https:\/\/slvicomtais.fr\/wp-content\/uploads\/2026\/03\/Capture-decran-2026-03-27-a-14.34.23-2-300x200.png 300w, https:\/\/slvicomtais.fr\/wp-content\/uploads\/2026\/03\/Capture-decran-2026-03-27-a-14.34.23-2-768x512.png 768w, https:\/\/slvicomtais.fr\/wp-content\/uploads\/2026\/03\/Capture-decran-2026-03-27-a-14.34.23-2.png 1070w\" sizes=\"auto, (max-width: 1024px) 100vw, 1024px\" \/><\/figure><div class=\"wp-block-media-text__content\">\n<h2 class=\"wp-block-heading has-theme-palette-1-color has-text-color has-medium-font-size\">NOs ANIMATEURs &#8211; ENCADRANTs<\/h2>\n\n\n\n<p>Fr\u00e9d\u00e9ric Guilbaud et Jean S\u00e9bastien Bolteau <\/p>\n\n\n\n<p>Tel : 06.03.42.93.14<\/p>\n\n\n\n<h2 class=\"wp-block-heading has-theme-palette-1-color has-text-color has-medium-font-size\">organisation<\/h2>\n\n\n\n<p><strong><span style=\"text-decoration: underline;\">Entrainement <\/span><\/strong>: Lundi soir de 19h30 \u00e0 21h00<br><br><strong><span style=\"text-decoration: underline;\">Lieu <\/span><\/strong>: Complexe Cyril Dumoulin &#8211; 85310 LA CHAIZE LE VICOMTE<\/p>\n\n\n\n<p><strong><span style=\"text-decoration: underline;\">Tarif <\/span><\/strong>: 3 s\u00e9ances offerte<\/p>\n<\/div><\/div>\n\n\n\n<div class=\"wp-block-media-text alignwide has-media-on-the-right is-stacked-on-mobile\"><div class=\"wp-block-media-text__content\">\n<p class=\"has-text-align-center has-theme-palette-3-color has-text-color has-medium-font-size\"><br><strong><em>Vous souhaitez des renseignements ?<\/em><\/strong><\/p>\n\n\n\n<div class=\"wp-block-buttons is-content-justification-center is-layout-flex wp-container-core-buttons-is-layout-16018d1d wp-block-buttons-is-layout-flex\">\n<div class=\"wp-block-button\"><a class=\"wp-block-button__link wp-element-button\" href=\"https:\/\/slvicomtais.fr\/?page_id=39\">nous contactez<\/a><\/div>\n<\/div>\n\n\n\n<p class=\"has-text-align-center has-medium-font-size\"><em><strong>Vous souhaitez prendre une licence ?<\/strong><\/em><\/p>\n\n\n\n<div class=\"wp-block-buttons is-content-justification-center is-layout-flex wp-container-core-buttons-is-layout-16018d1d wp-block-buttons-is-layout-flex\">\n<div class=\"wp-block-button\"><a class=\"wp-block-button__link wp-element-button\" href=\"https:\/\/slvicomtais.fr\/?page_id=1214\">licences<\/a><\/div>\n<\/div>\n<\/div><figure class=\"wp-block-media-text__media\"><img loading=\"lazy\" decoding=\"async\" width=\"978\" height=\"462\" src=\"https:\/\/slvicomtais.fr\/wp-content\/uploads\/2026\/03\/Capture-decran-2026-03-27-a-14.35.11-1.png\" alt=\"\" class=\"wp-image-2208 size-full\" srcset=\"https:\/\/slvicomtais.fr\/wp-content\/uploads\/2026\/03\/Capture-decran-2026-03-27-a-14.35.11-1.png 978w, https:\/\/slvicomtais.fr\/wp-content\/uploads\/2026\/03\/Capture-decran-2026-03-27-a-14.35.11-1-300x142.png 300w, https:\/\/slvicomtais.fr\/wp-content\/uploads\/2026\/03\/Capture-decran-2026-03-27-a-14.35.11-1-768x363.png 768w\" sizes=\"auto, (max-width: 978px) 100vw, 978px\" \/><\/figure><\/div>\n","protected":false},"excerpt":{"rendered":"<p>qu&rsquo;est ce que le hand-fAUTEUIL ? Le hand-fauteuil au SLV, c\u2019est bien plus qu\u2019un sport : c\u2019est une aventure humaine forte, accessible \u00e0 tous, o\u00f9 chacun trouve sa place. Entre vitesse, intensit\u00e9 et esprit d\u2019\u00e9quipe, chaque s\u00e9ance est un moment de partage, de d\u00e9passement de soi et de plaisir. Seule \u00e9quipe de hand-fauteuil en Vend\u00e9e,&#8230;<\/p>\n","protected":false},"author":813,"featured_media":0,"parent":0,"menu_order":0,"comment_status":"closed","ping_status":"closed","template":"","meta":{"_kadence_starter_templates_imported_post":false,"_kad_post_transparent":"","_kad_post_title":"","_kad_post_layout":"","_kad_post_sidebar_id":"","_kad_post_content_style":"","_kad_post_vertical_padding":"","_kad_post_feature":"","_kad_post_feature_position":"","_kad_post_header":false,"_kad_post_footer":false,"footnotes":""},"class_list":["post-2189","page","type-page","status-publish","hentry"],"_links":{"self":[{"href":"https:\/\/slvicomtais.fr\/index.php?rest_route=\/wp\/v2\/pages\/2189","targetHints":{"allow":["GET"]}}],"collection":[{"href":"https:\/\/slvicomtais.fr\/index.php?rest_route=\/wp\/v2\/pages"}],"about":[{"href":"https:\/\/slvicomtais.fr\/index.php?rest_route=\/wp\/v2\/types\/page"}],"author":[{"embeddable":true,"href":"https:\/\/slvicomtais.fr\/index.php?rest_route=\/wp\/v2\/users\/813"}],"replies":[{"embeddable":true,"href":"https:\/\/slvicomtais.fr\/index.php?rest_route=%2Fwp%2Fv2%2Fcomments&post=2189"}],"version-history":[{"count":5,"href":"https:\/\/slvicomtais.fr\/index.php?rest_route=\/wp\/v2\/pages\/2189\/revisions"}],"predecessor-version":[{"id":2211,"href":"https:\/\/slvicomtais.fr\/index.php?rest_route=\/wp\/v2\/pages\/2189\/revisions\/2211"}],"wp:attachment":[{"href":"https:\/\/slvicomtais.fr\/index.php?rest_route=%2Fwp%2Fv2%2Fmedia&parent=2189"}],"curies":[{"name":"wp","href":"https:\/\/api.w.org\/{rel}","templated":true}]}}