{"id":1426,"date":"2022-08-16T18:57:20","date_gmt":"2022-08-16T16:57:20","guid":{"rendered":"https:\/\/slvicomtais.fr\/?page_id=1426"},"modified":"2022-09-26T21:53:34","modified_gmt":"2022-09-26T19:53:34","slug":"matchs-du-week-end","status":"publish","type":"page","link":"https:\/\/slvicomtais.fr\/?page_id=1426","title":{"rendered":"Matchs du week-end"},"content":{"rendered":"\n<p>Vous trouverez ici le planning du week-end comprenant les d\u00e9signations pour les permanences de table de marque, d&rsquo;arbitrage et de responsable de salle.<\/p>\n\n\n\n<p class=\"has-text-align-center\"><strong>Toute personne de table, d&rsquo;arbitrage ou de salle s&rsquo;engage \u00e0 \u00eatre pr\u00e9sent. En cas d&rsquo;impossibilit\u00e9, il vous appartient de trouver votre rempla\u00e7ant (proche, \u00e9quipes) le plus t\u00f4t possible et de pr\u00e9venir le club ! <\/strong><\/p>\n\n\n\n<div class=\"wp-block-file\"><a id=\"wp-block-file--media-a347ae7b-b23d-4ce0-8665-cbf1d9875ccc\" href=\"https:\/\/slvicomtais.fr\/wp-content\/uploads\/2022\/09\/GED.pdf\">MODE EMPLOI-FEUILLE DE MATCH<\/a><a href=\"https:\/\/slvicomtais.fr\/wp-content\/uploads\/2022\/09\/GED.pdf\" class=\"wp-block-file__button\" download aria-describedby=\"wp-block-file--media-a347ae7b-b23d-4ce0-8665-cbf1d9875ccc\">T\u00e9l\u00e9charger<\/a><\/div>\n\n\n\n<div class=\"wp-block-file\"><a id=\"wp-block-file--media-adb78042-112a-431d-ae0f-a04d8edd7cf9\" href=\"https:\/\/slvicomtais.fr\/wp-content\/uploads\/2022\/09\/MODE-EMPLOI-TABLE-DE-MARQUE_mars-2022-1.pdf\">MODE-EMPLOI-TABLE-DE-MARQUE_mars-2022-1<\/a><a href=\"https:\/\/slvicomtais.fr\/wp-content\/uploads\/2022\/09\/MODE-EMPLOI-TABLE-DE-MARQUE_mars-2022-1.pdf\" class=\"wp-block-file__button\" download aria-describedby=\"wp-block-file--media-adb78042-112a-431d-ae0f-a04d8edd7cf9\">T\u00e9l\u00e9charger<\/a><\/div>\n\n\n\n<div><iframe src=\"https:\/\/docs.google.com\/spreadsheets\/d\/e\/2PACX-1vQdbPzw1PUtmx5JF7ySNidOUxoaDxPfAHIn0ay3fhCEcQ2nNK351tlJwjb5-z3ifuAYitA2MzU6c2z1\/pubhtml?widget=true&amp;headers=false\" style=\"border:0;\" allowfullscreen=\"\" loading=\"lazy\" width=\"2400\" height=\"1200\"><\/iframe><\/div>\n","protected":false},"excerpt":{"rendered":"<p>Vous trouverez ici le planning du week-end comprenant les d\u00e9signations pour les permanences de table de marque, d&rsquo;arbitrage et de responsable de salle. Toute personne de table, d&rsquo;arbitrage ou de salle s&rsquo;engage \u00e0 \u00eatre pr\u00e9sent. En cas d&rsquo;impossibilit\u00e9, il vous appartient de trouver votre rempla\u00e7ant (proche, \u00e9quipes) le plus t\u00f4t possible et de pr\u00e9venir le&#8230;<\/p>\n","protected":false},"author":3,"featured_media":0,"parent":0,"menu_order":0,"comment_status":"closed","ping_status":"closed","template":"","meta":{"_kadence_starter_templates_imported_post":false,"_kad_post_transparent":"","_kad_post_title":"","_kad_post_layout":"","_kad_post_sidebar_id":"","_kad_post_content_style":"","_kad_post_vertical_padding":"","_kad_post_feature":"","_kad_post_feature_position":"","_kad_post_header":false,"_kad_post_footer":false,"footnotes":""},"class_list":["post-1426","page","type-page","status-publish","hentry"],"_links":{"self":[{"href":"https:\/\/slvicomtais.fr\/index.php?rest_route=\/wp\/v2\/pages\/1426","targetHints":{"allow":["GET"]}}],"collection":[{"href":"https:\/\/slvicomtais.fr\/index.php?rest_route=\/wp\/v2\/pages"}],"about":[{"href":"https:\/\/slvicomtais.fr\/index.php?rest_route=\/wp\/v2\/types\/page"}],"author":[{"embeddable":true,"href":"https:\/\/slvicomtais.fr\/index.php?rest_route=\/wp\/v2\/users\/3"}],"replies":[{"embeddable":true,"href":"https:\/\/slvicomtais.fr\/index.php?rest_route=%2Fwp%2Fv2%2Fcomments&post=1426"}],"version-history":[{"count":14,"href":"https:\/\/slvicomtais.fr\/index.php?rest_route=\/wp\/v2\/pages\/1426\/revisions"}],"predecessor-version":[{"id":1607,"href":"https:\/\/slvicomtais.fr\/index.php?rest_route=\/wp\/v2\/pages\/1426\/revisions\/1607"}],"wp:attachment":[{"href":"https:\/\/slvicomtais.fr\/index.php?rest_route=%2Fwp%2Fv2%2Fmedia&parent=1426"}],"curies":[{"name":"wp","href":"https:\/\/api.w.org\/{rel}","templated":true}]}}