{"id":1275,"date":"2022-08-12T21:18:17","date_gmt":"2022-08-12T19:18:17","guid":{"rendered":"https:\/\/slvicomtais.fr\/?page_id=1275"},"modified":"2026-03-27T15:35:21","modified_gmt":"2026-03-27T14:35:21","slug":"equipes-jeunes-masculines","status":"publish","type":"page","link":"https:\/\/slvicomtais.fr\/?page_id=1275","title":{"rendered":"SECTEUR MASCULIN"},"content":{"rendered":"\n<div class=\"wp-block-media-text alignwide is-stacked-on-mobile\"><figure class=\"wp-block-media-text__media\"><img loading=\"lazy\" decoding=\"async\" width=\"2000\" height=\"1409\" src=\"https:\/\/slvicomtais.fr\/wp-content\/uploads\/2026\/03\/1-1024x721.jpg\" alt=\"\" class=\"wp-image-2215 size-full\" srcset=\"https:\/\/slvicomtais.fr\/wp-content\/uploads\/2026\/03\/1-1024x721.jpg 1024w, https:\/\/slvicomtais.fr\/wp-content\/uploads\/2026\/03\/1-300x211.jpg 300w, https:\/\/slvicomtais.fr\/wp-content\/uploads\/2026\/03\/1-768x541.jpg 768w, https:\/\/slvicomtais.fr\/wp-content\/uploads\/2026\/03\/1-1536x1082.jpg 1536w, https:\/\/slvicomtais.fr\/wp-content\/uploads\/2026\/03\/1.jpg 2000w\" sizes=\"auto, (max-width: 2000px) 100vw, 2000px\" \/><\/figure><div class=\"wp-block-media-text__content\">\n<h2 class=\"wp-block-heading has-text-align-center has-theme-palette-1-color has-text-color has-medium-font-size\" style=\"font-style:normal;font-weight:600\"><strong><em><strong><em>U10 GAR\u00c7ONS<\/em><\/strong><\/em><\/strong><\/h2>\n\n\n\n<p class=\"has-text-align-left has-small-font-size\"><strong><span style=\"text-decoration: underline;\">Entraineur <\/span><\/strong>: Louis Le Biavant<br><br><strong><span style=\"text-decoration: underline;\">Entrainements <\/span>:<\/strong> <br>Jeudi soir : 17h15-18h15<\/p>\n\n\n\n<p class=\"has-text-align-left has-small-font-size\"><strong>Coach <\/strong>: Axelle Boizumeau et Andy Rupin Rembaud<br><\/p>\n\n\n\n<p class=\"has-text-align-left has-small-font-size\"><strong>Championnat :<\/strong> comp\u00e9titif  <br>Suivez les r\u00e9sultats : <a href=\"https:\/\/www.ffhandball.fr\/competitions\/saison-2025-2026-21\/departemental\/u10m-85-competitifs-27929\/\">U10m 85 &#8211; Calendrier &amp; R\u00e9sultats &#8211; F\u00e9d\u00e9ration Fran\u00e7aise de Handball<\/a><\/p>\n\n\n\n<p class=\"has-small-font-size\"><em><span style=\"text-decoration: underline;\">Cr\u00e9dit photo<\/span> : <\/em>2B Photographie &#8211; B\u00e9r\u00e9nice <\/p>\n<\/div><\/div>\n\n\n\n<div class=\"wp-block-media-text alignwide has-media-on-the-right is-stacked-on-mobile\"><div class=\"wp-block-media-text__content\">\n<h2 class=\"wp-block-heading has-text-align-center has-theme-palette-1-color has-text-color has-medium-font-size\" style=\"font-style:normal;font-weight:600\"><strong><em><strong><em>U12 GAR\u00c7ONS<\/em><\/strong><\/em><\/strong><\/h2>\n\n\n\n<p class=\"has-text-align-left has-small-font-size\"><span style=\"text-decoration: underline;\"><strong>Entraineur <\/strong><\/span>: Louis Le Biavant<br><br><strong><span style=\"text-decoration: underline;\">Entrainements <\/span>:<\/strong> <br>Mardi : 18h15-19h45<br>Mercredi : 13h45-15h15<br><br><span style=\"text-decoration: underline;\"><strong>Coach <\/strong><\/span>: Ludo <\/p>\n\n\n\n<p class=\"has-small-font-size\"><strong><span style=\"text-decoration: underline;\">Championnat :<\/span><\/strong> 2\u00e8me division<br>Suivez les r\u00e9sultats : <a href=\"https:\/\/www.ffhandball.fr\/competitions\/saison-2025-2026-21\/departemental\/u12m-85-27928\/poule-177930\/\">U12m 85 &#8211; Calendrier &amp; R\u00e9sultats &#8211; F\u00e9d\u00e9ration Fran\u00e7aise de Handball<\/a><\/p>\n\n\n\n<p class=\"has-small-font-size\"><em><span style=\"text-decoration: underline;\">Cr\u00e9dit photo<\/span> : <\/em>2B B\u00e9r\u00e9nice <\/p>\n<\/div><figure class=\"wp-block-media-text__media\"><img loading=\"lazy\" decoding=\"async\" width=\"1024\" height=\"721\" src=\"https:\/\/slvicomtais.fr\/wp-content\/uploads\/2026\/03\/3-1024x721.jpg\" alt=\"\" class=\"wp-image-2216 size-full\" srcset=\"https:\/\/slvicomtais.fr\/wp-content\/uploads\/2026\/03\/3-1024x721.jpg 1024w, https:\/\/slvicomtais.fr\/wp-content\/uploads\/2026\/03\/3-300x211.jpg 300w, https:\/\/slvicomtais.fr\/wp-content\/uploads\/2026\/03\/3-768x541.jpg 768w, https:\/\/slvicomtais.fr\/wp-content\/uploads\/2026\/03\/3-1536x1082.jpg 1536w, https:\/\/slvicomtais.fr\/wp-content\/uploads\/2026\/03\/3.jpg 2000w\" sizes=\"auto, (max-width: 1024px) 100vw, 1024px\" \/><\/figure><\/div>\n\n\n\n<div class=\"wp-block-media-text alignwide is-stacked-on-mobile\"><figure class=\"wp-block-media-text__media\"><img loading=\"lazy\" decoding=\"async\" width=\"1024\" height=\"721\" src=\"https:\/\/slvicomtais.fr\/wp-content\/uploads\/2026\/03\/5-1024x721.jpg\" alt=\"\" class=\"wp-image-2217 size-full\" srcset=\"https:\/\/slvicomtais.fr\/wp-content\/uploads\/2026\/03\/5-1024x721.jpg 1024w, https:\/\/slvicomtais.fr\/wp-content\/uploads\/2026\/03\/5-300x211.jpg 300w, https:\/\/slvicomtais.fr\/wp-content\/uploads\/2026\/03\/5-768x541.jpg 768w, https:\/\/slvicomtais.fr\/wp-content\/uploads\/2026\/03\/5-1536x1082.jpg 1536w, https:\/\/slvicomtais.fr\/wp-content\/uploads\/2026\/03\/5.jpg 2000w\" sizes=\"auto, (max-width: 1024px) 100vw, 1024px\" \/><\/figure><div class=\"wp-block-media-text__content\">\n<h2 class=\"wp-block-heading has-text-align-center has-theme-palette-1-color has-text-color has-medium-font-size\" style=\"font-style:normal;font-weight:600\"><strong><em><strong><em>U14 GAR\u00c7ONS<\/em><\/strong><\/em><\/strong> <\/h2>\n\n\n\n<p class=\"has-text-align-left has-small-font-size\"><span style=\"text-decoration: underline;\"><strong>Entraineur<\/strong>s <\/span>: Louis Le Biavant <br><br><strong><span style=\"text-decoration: underline;\">Entrainements <\/span>:<\/strong> <br>Mardi : 18h30-20h00 \u00e0 Saint Florent Des Bois <br>Jeudi : 18h15-19h30 \u00e0 ma Chaize <br><br><span style=\"text-decoration: underline;\"><strong>Coach<\/strong><\/span> : Zacharie Jaumouill\u00e9 &#8211; Leni Giradeau<\/p>\n\n\n\n<p class=\"has-small-font-size\"><strong><span style=\"text-decoration: underline;\">Championnat :<\/span><\/strong> 1\u00e8re division<br>Suivez les r\u00e9sultats : <a href=\"https:\/\/www.ffhandball.fr\/competitions\/saison-2025-2026-21\/departemental\/u14m-85-27927\/\">U14m 85 &#8211; Calendrier &amp; R\u00e9sultats &#8211; F\u00e9d\u00e9ration Fran\u00e7aise de Handball<\/a><\/p>\n\n\n\n<p class=\"has-small-font-size\"><em><span style=\"text-decoration: underline;\">Cr\u00e9dit photo<\/span> : <\/em>2B B\u00e9r\u00e9nice <\/p>\n<\/div><\/div>\n\n\n\n<div class=\"wp-block-media-text alignwide has-media-on-the-right is-stacked-on-mobile\"><div class=\"wp-block-media-text__content\">\n<h2 class=\"wp-block-heading has-text-align-center has-theme-palette-1-color has-text-color has-medium-font-size\" style=\"font-style:normal;font-weight:600\"><strong><em><strong><em>U16 GAR\u00c7ONS<\/em><\/strong><\/em><\/strong> 2<\/h2>\n\n\n\n<p class=\"has-text-align-left has-small-font-size\"><span style=\"text-decoration: underline;\"><strong>Entraineur <\/strong><\/span>: Louis Le Biavant<br><br><strong><span style=\"text-decoration: underline;\">Entrainements <\/span>:<\/strong> <br>Mercredi : 18h00-19h30 \u00e0 la Chaize<br>Vendredi : 17h45-19h00 \u00e0 Aubigny<br><br><span style=\"text-decoration: underline;\"><strong>Coachs <\/strong><\/span>: Marthin Guyou<\/p>\n\n\n\n<p class=\"has-small-font-size\"><strong>Championnat 2 \u00e8me phase :<\/strong> Confirm\u00e9 <br>Suivez les r\u00e9sultats : <a href=\"https:\/\/www.ffhandball.fr\/competitions\/saison-2025-2026-21\/departemental\/u16m-85-27926\/poule-181727\/\">U16m 85 &#8211; Calendrier &amp; R\u00e9sultats &#8211; F\u00e9d\u00e9ration Fran\u00e7aise de Handball<\/a><\/p>\n\n\n\n<p class=\"has-small-font-size\"><em><span style=\"text-decoration: underline;\">Cr\u00e9dit photo<\/span> : <\/em>2B B\u00e9r\u00e9nice<\/p>\n<\/div><figure class=\"wp-block-media-text__media\"><img loading=\"lazy\" decoding=\"async\" width=\"1024\" height=\"721\" src=\"https:\/\/slvicomtais.fr\/wp-content\/uploads\/2026\/02\/12-1024x721.jpg\" alt=\"\" class=\"wp-image-2173 size-full\" srcset=\"https:\/\/slvicomtais.fr\/wp-content\/uploads\/2026\/02\/12-1024x721.jpg 1024w, https:\/\/slvicomtais.fr\/wp-content\/uploads\/2026\/02\/12-300x211.jpg 300w, https:\/\/slvicomtais.fr\/wp-content\/uploads\/2026\/02\/12-768x541.jpg 768w, https:\/\/slvicomtais.fr\/wp-content\/uploads\/2026\/02\/12-1536x1082.jpg 1536w, https:\/\/slvicomtais.fr\/wp-content\/uploads\/2026\/02\/12.jpg 2000w\" sizes=\"auto, (max-width: 1024px) 100vw, 1024px\" \/><\/figure><\/div>\n\n\n\n<div class=\"wp-block-media-text alignwide is-stacked-on-mobile\"><figure class=\"wp-block-media-text__media\"><img loading=\"lazy\" decoding=\"async\" width=\"1024\" height=\"721\" src=\"https:\/\/slvicomtais.fr\/wp-content\/uploads\/2026\/03\/13-1024x721.jpg\" alt=\"\" class=\"wp-image-2219 size-full\" srcset=\"https:\/\/slvicomtais.fr\/wp-content\/uploads\/2026\/03\/13-1024x721.jpg 1024w, https:\/\/slvicomtais.fr\/wp-content\/uploads\/2026\/03\/13-300x211.jpg 300w, https:\/\/slvicomtais.fr\/wp-content\/uploads\/2026\/03\/13-768x541.jpg 768w, https:\/\/slvicomtais.fr\/wp-content\/uploads\/2026\/03\/13-1536x1082.jpg 1536w, https:\/\/slvicomtais.fr\/wp-content\/uploads\/2026\/03\/13.jpg 2000w\" sizes=\"auto, (max-width: 1024px) 100vw, 1024px\" \/><\/figure><div class=\"wp-block-media-text__content\">\n<h2 class=\"wp-block-heading has-text-align-center has-theme-palette-1-color has-text-color has-medium-font-size\" style=\"font-style:normal;font-weight:600\">U16 GAR\u00c7ONS 1 <\/h2>\n\n\n\n<p class=\"has-text-align-left has-small-font-size\"><span style=\"text-decoration: underline;\"><strong>Entraineur <\/strong><\/span>: Louis Le Biavant<br><br><strong><span style=\"text-decoration: underline;\">Entrainements <\/span>:<\/strong> <br>Mercredi : 17h15 &#8211; 18h45 \u00e0 Aubigny <br>Jeudi : 19h30 &#8211; 21h00 \u00e0 la Chaize <br><br><span style=\"text-decoration: underline;\"><strong>Coachs <\/strong><\/span>: Mathis Tricot &#8211; Matt\u00e9o<\/p>\n\n\n\n<p class=\"has-small-font-size\"><strong>Championnat 1\u00e8re phase <\/strong>: 2\u00e8me division<br>Suivez les r\u00e9sultats : <a href=\"https:\/\/www.ffhandball.fr\/competitions\/saison-2025-2026-21\/departemental\/u16m-85-27926\/poule-181725\/\">D2m 85 &#8211; Calendrier &amp; R\u00e9sultats &#8211; F\u00e9d\u00e9ration Fran\u00e7aise de Handball<\/a><br><br><em style=\"caret-color: rgb(0, 0, 0); color: rgb(0, 0, 0); white-space: normal;\"><sup><span style=\"text-decoration-line: underline;\">Cr\u00e9dit photo<\/span>\u00a0:\u00a0<\/sup><\/em><span style=\"caret-color: rgb(0, 0, 0); color: rgb(0, 0, 0); font-family: -webkit-standard; font-size: medium; white-space: normal;\"><sup>2B B\u00e9r\u00e9nice<\/sup><\/span><\/p>\n<\/div><\/div>\n\n\n\n<div class=\"wp-block-media-text alignwide has-media-on-the-right is-stacked-on-mobile\"><div class=\"wp-block-media-text__content\">\n<h2 class=\"wp-block-heading has-text-align-center has-theme-palette-1-color has-text-color has-medium-font-size\" style=\"font-style:normal;font-weight:600\"><strong><em><strong><em>SENIORS <\/em><\/strong><\/em><\/strong>GAR\u00c7ONS<\/h2>\n\n\n\n<p class=\"has-text-align-left has-small-font-size\"><span style=\"text-decoration: underline;\"><strong>Entraineur <\/strong><\/span>: Didier Girardeau &#8211; Justin Galipaud<br><br><strong><span style=\"text-decoration: underline;\">Entrainements <\/span>:<\/strong> <br>Mercredi : 19h30 &#8211; 20h00<br>Vendredi : 21h00 &#8211; 22h30 (en alternance avec les filles)<br><br><span style=\"text-decoration: underline;\"><strong>Coachs <\/strong><\/span>: Didier Girardeau et  Justin Galipaud<\/p>\n\n\n\n<p class=\"has-small-font-size\"><strong>Championnat <\/strong>: 2\u00e8me et 3\u00e8me division<br>Suivez les r\u00e9sultats : <a href=\"https:\/\/www.ffhandball.fr\/competitions\/saison-2025-2026-21\/departemental\/d2m-85-27923\/\">D2m 85 -Calendrier et R\u00e9sultats &#8211; F\u00e9d\u00e9ration Fran\u00e7aise de Handball<\/a><\/p>\n\n\n\n<p class=\"has-small-font-size\">Suivez les r\u00e9sultats : <a href=\"https:\/\/www.ffhandball.fr\/competitions\/saison-2025-2026-21\/departemental\/d3m-85-27924\/\">D3m 85 &#8211; Calendrier et R\u00e9sultats &#8211; F\u00e9d\u00e9ration Fran\u00e7aise de Handball<\/a><br><br><em style=\"caret-color: rgb(0, 0, 0); color: rgb(0, 0, 0); white-space: normal;\"><sup><span style=\"text-decoration-line: underline;\">Cr\u00e9dit photo<\/span>\u00a0:\u00a0<\/sup><\/em><span style=\"caret-color: rgb(0, 0, 0); color: rgb(0, 0, 0); font-family: -webkit-standard; font-size: medium; white-space: normal;\"><sup>2B B\u00e9r\u00e9nice<\/sup><\/span><\/p>\n<\/div><figure class=\"wp-block-media-text__media\"><img loading=\"lazy\" decoding=\"async\" width=\"1024\" height=\"721\" src=\"https:\/\/slvicomtais.fr\/wp-content\/uploads\/2026\/03\/17-1024x721.jpg\" alt=\"\" class=\"wp-image-2218 size-full\" srcset=\"https:\/\/slvicomtais.fr\/wp-content\/uploads\/2026\/03\/17-1024x721.jpg 1024w, https:\/\/slvicomtais.fr\/wp-content\/uploads\/2026\/03\/17-300x211.jpg 300w, https:\/\/slvicomtais.fr\/wp-content\/uploads\/2026\/03\/17-768x541.jpg 768w, https:\/\/slvicomtais.fr\/wp-content\/uploads\/2026\/03\/17-1536x1082.jpg 1536w, https:\/\/slvicomtais.fr\/wp-content\/uploads\/2026\/03\/17.jpg 2000w\" sizes=\"auto, (max-width: 1024px) 100vw, 1024px\" \/><\/figure><\/div>\n\n\n","protected":false},"excerpt":{"rendered":"<p>U10 GAR\u00c7ONS Entraineur : Louis Le Biavant Entrainements : Jeudi soir : 17h15-18h15 Coach : Axelle Boizumeau et Andy Rupin Rembaud Championnat : comp\u00e9titif Suivez les r\u00e9sultats : U10m 85 &#8211; Calendrier &amp; R\u00e9sultats &#8211; F\u00e9d\u00e9ration Fran\u00e7aise de Handball Cr\u00e9dit photo : 2B Photographie &#8211; B\u00e9r\u00e9nice U12 GAR\u00c7ONS Entraineur : Louis Le Biavant Entrainements :&#8230;<\/p>\n","protected":false},"author":3,"featured_media":0,"parent":0,"menu_order":0,"comment_status":"closed","ping_status":"closed","template":"","meta":{"_kadence_starter_templates_imported_post":false,"_kad_post_transparent":"","_kad_post_title":"","_kad_post_layout":"","_kad_post_sidebar_id":"","_kad_post_content_style":"","_kad_post_vertical_padding":"","_kad_post_feature":"","_kad_post_feature_position":"","_kad_post_header":false,"_kad_post_footer":false,"footnotes":""},"class_list":["post-1275","page","type-page","status-publish","hentry"],"_links":{"self":[{"href":"https:\/\/slvicomtais.fr\/index.php?rest_route=\/wp\/v2\/pages\/1275","targetHints":{"allow":["GET"]}}],"collection":[{"href":"https:\/\/slvicomtais.fr\/index.php?rest_route=\/wp\/v2\/pages"}],"about":[{"href":"https:\/\/slvicomtais.fr\/index.php?rest_route=\/wp\/v2\/types\/page"}],"author":[{"embeddable":true,"href":"https:\/\/slvicomtais.fr\/index.php?rest_route=\/wp\/v2\/users\/3"}],"replies":[{"embeddable":true,"href":"https:\/\/slvicomtais.fr\/index.php?rest_route=%2Fwp%2Fv2%2Fcomments&post=1275"}],"version-history":[{"count":25,"href":"https:\/\/slvicomtais.fr\/index.php?rest_route=\/wp\/v2\/pages\/1275\/revisions"}],"predecessor-version":[{"id":2220,"href":"https:\/\/slvicomtais.fr\/index.php?rest_route=\/wp\/v2\/pages\/1275\/revisions\/2220"}],"wp:attachment":[{"href":"https:\/\/slvicomtais.fr\/index.php?rest_route=%2Fwp%2Fv2%2Fmedia&parent=1275"}],"curies":[{"name":"wp","href":"https:\/\/api.w.org\/{rel}","templated":true}]}}