{"id":1214,"date":"2022-08-10T19:42:50","date_gmt":"2022-08-10T17:42:50","guid":{"rendered":"https:\/\/slvicomtais.fr\/?page_id=1214"},"modified":"2025-07-07T22:34:55","modified_gmt":"2025-07-07T20:34:55","slug":"licences","status":"publish","type":"page","link":"https:\/\/slvicomtais.fr\/?page_id=1214","title":{"rendered":"LICENCES"},"content":{"rendered":"\n<p class=\"has-text-align-center has-large-font-size\"><strong>INSCRIPTION SAISON 2025 \/ 2026<\/strong><\/p>\n\n\n\n<p class=\"has-text-align-center\">Vous retrouverez l\u2019ensemble des informations et documents n\u00e9cessaires \u00e0 la cr\u00e9ation ou au renouvellement de votre licence pour la saison 2025-2026 !<\/p>\n\n\n\n<p class=\"has-text-align-center has-text-color has-link-color wp-elements-d64dd0f960d03d73d4c4ef4ec938292d\" style=\"color:#ff0000\"><strong>DOCUMENT A TELECHARGER : AUTORISATION PARENTALE PEDIBUS<\/strong><\/p>\n\n\n\n<div class=\"wp-block-file aligncenter\"><a id=\"wp-block-file--media-f53ff26f-89f4-4895-849f-72f194a52d35\" href=\"https:\/\/slvicomtais.fr\/wp-content\/uploads\/2024\/09\/Autorisation-de-sortie-pour-le-Pedibus.pdf\"><mark style=\"background-color:rgba(0, 0, 0, 0)\" class=\"has-inline-color has-theme-palette-2-color\">Autorisation de sortie pour le P\u00e9dibus<\/mark><\/a><a href=\"https:\/\/slvicomtais.fr\/wp-content\/uploads\/2024\/09\/Autorisation-de-sortie-pour-le-Pedibus.pdf\" class=\"wp-block-file__button wp-element-button\" download aria-describedby=\"wp-block-file--media-f53ff26f-89f4-4895-849f-72f194a52d35\">T\u00e9l\u00e9charger<\/a><\/div>\n\n\n\n<hr class=\"wp-block-separator aligncenter has-text-color has-theme-palette-2-color has-alpha-channel-opacity has-theme-palette-2-background-color has-background is-style-default\"\/>\n\n\n\n<h2 class=\"wp-block-heading has-large-font-size\">CREATION D&rsquo;UNE LICENCE<\/h2>\n\n\n\n<p><\/p>\n\n\n\n<p><strong><span style=\"text-decoration: underline;\">ETAPE 1 <\/span>: PRENDRE CONTACT AVEC LE CLUB<\/strong><\/p>\n\n\n\n<p>Envoyer votre demande de licence a l&rsquo;adresse suivante : bureau@slvicomtais.fr<\/p>\n\n\n\n<p>Suite \u00e0 cette prise de contact,  vous devez attendre que le club vous envoie un mail pour continuer les d\u00e9marches.<\/p>\n\n\n\n<p><strong><span style=\"text-decoration: underline;\">ETAPE 2<\/span><\/strong>&nbsp;: Apr\u00e8s avoir obtenu une r\u00e9ponse du club, vous pouvez suivre les \u00e9tapes de la rubrique \u201c<span style=\"text-decoration: underline;\">RENOUVELLEMENT<\/span>\u201d, pr\u00e9sentes ci-dessous.<\/p>\n\n\n\n<p><em>Si vous n&rsquo;avez pas re\u00e7u le mail, v\u00e9rifiez dans un premier temps vos <strong>SPAM <\/strong>! Sinon n&rsquo;h\u00e9sitez-pas \u00e0 nous recontacter !<\/em><\/p>\n\n\n\n<h2 class=\"wp-block-heading has-large-font-size\">renouvellement<\/h2>\n\n\n\n<p><\/p>\n\n\n\n<p><strong><span style=\"text-decoration: underline;\">ETAPE 1<\/span> :  REMPLIR LE FORMULAIRE GEST&rsquo;HAND <\/strong><\/p>\n\n\n\n<p>Vous pouvez trouver la proc\u00e9dure \u00e0 suivre pour cr\u00e9er votre licence sur Gest Hand : <\/p>\n\n\n\n<div class=\"wp-block-file\"><a id=\"wp-block-file--media-61b6eedc-3d82-43a1-9ed0-e2821b56c348\" href=\"https:\/\/slvicomtais.fr\/wp-content\/uploads\/2024\/06\/LICENCES-COMMENT-FAIRE.pdf\">LICENCES-COMMENT-FAIRE<\/a><a href=\"https:\/\/slvicomtais.fr\/wp-content\/uploads\/2024\/06\/LICENCES-COMMENT-FAIRE.pdf\" class=\"wp-block-file__button wp-element-button\" download aria-describedby=\"wp-block-file--media-61b6eedc-3d82-43a1-9ed0-e2821b56c348\">T\u00e9l\u00e9charger<\/a><\/div>\n\n\n\n<p><\/p>\n\n\n\n<p>Vous venez de recevoir un mail de la part de Gest&rsquo;Hand (envoy\u00e9 par la FFHB) , cliquez sur le bouton \u201c<em><strong>compl\u00e9ter le formulaire<\/strong><\/em>\u201d, v\u00e9rifiez toutes les informations relatives \u00e0 votre identit\u00e9, puis s\u00e9lectionnez le type de licence.&nbsp;<\/p>\n\n\n\n<p class=\"has-text-color has-link-color wp-elements-613b57bde1ba635c2885fec72357591e\" style=\"color:#d10707\"><strong>ATTENTION &#8211; BIEN COCHER LA CASE SUIVANTE :<\/strong><\/p>\n\n\n\n<figure class=\"wp-block-image size-large\"><img loading=\"lazy\" decoding=\"async\" width=\"1024\" height=\"364\" src=\"https:\/\/slvicomtais.fr\/wp-content\/uploads\/2024\/06\/Capture-1-1024x364.png\" alt=\"\" class=\"wp-image-1922\" srcset=\"https:\/\/slvicomtais.fr\/wp-content\/uploads\/2024\/06\/Capture-1-1024x364.png 1024w, https:\/\/slvicomtais.fr\/wp-content\/uploads\/2024\/06\/Capture-1-300x107.png 300w, https:\/\/slvicomtais.fr\/wp-content\/uploads\/2024\/06\/Capture-1-768x273.png 768w, https:\/\/slvicomtais.fr\/wp-content\/uploads\/2024\/06\/Capture-1.png 1387w\" sizes=\"auto, (max-width: 1024px) 100vw, 1024px\" \/><\/figure>\n\n\n\n<p><span style=\"text-decoration: underline;\">POINT CERTIFICAT MEDICAL <\/span>:<\/p>\n\n\n\n<div class=\"wp-block-file\"><a id=\"wp-block-file--media-5bc99647-726d-4b9f-9638-aa4c912bda40\" href=\"https:\/\/slvicomtais.fr\/wp-content\/uploads\/2022\/11\/CERTIFICAT-MEDICAL.pdf\">CERTIFICAT-MEDICAL<\/a><a href=\"https:\/\/slvicomtais.fr\/wp-content\/uploads\/2022\/11\/CERTIFICAT-MEDICAL.pdf\" class=\"wp-block-file__button wp-element-button\" download aria-describedby=\"wp-block-file--media-5bc99647-726d-4b9f-9638-aa4c912bda40\">T\u00e9l\u00e9charger<\/a><\/div>\n\n\n\n<p><\/p>\n\n\n\n<figure class=\"wp-block-table\"><table><tbody><tr><td><\/td><td class=\"has-text-align-center\" data-align=\"center\">DATE DU DERNIER CERTIFICAT MEDICAL<\/td><td>DOCUMENT A FOURNIR<\/td><\/tr><tr><td><strong>MAJEUR<\/strong><\/td><td class=\"has-text-align-center\" data-align=\"center\"> MOINS DE 3 ANS <\/td><td>Questionnaire de sant\u00e9<br>(Sauf si \u00ab\u00a0NON\u00a0\u00bb dans le questionnaire de sant\u00e9 alors il faut fournir un certificat m\u00e9dical)<\/td><\/tr><tr><td><strong>MAJEUR<\/strong><\/td><td class=\"has-text-align-center\" data-align=\"center\">PLUS DE 3 ANS<\/td><td>Certificat m\u00e9dical pr\u00e9cisant la \u00ab <strong>non-contre indication \u00e0 la pratique du Handball en comp\u00e9tition \u00bb<\/strong>, <strong>sign\u00e9 <\/strong>et <strong>tamponn\u00e9<\/strong><\/td><\/tr><tr><td><strong>MINEUR<\/strong><\/td><td class=\"has-text-align-center\" data-align=\"center\">x<\/td><td>Questionnaire de sant\u00e9 uniquement <br>(Sauf si \u00ab\u00a0NON\u00a0\u00bb dans le questionnaire de sant\u00e9 alors il faut fournir un certificat m\u00e9dical)<\/td><\/tr><\/tbody><\/table><\/figure>\n\n\n\n<p><\/p>\n\n\n\n<p><em>Si vous n&rsquo;avez pas re\u00e7u le mail, v\u00e9rifier dans un premier temps vos <strong>SPAM <\/strong>! Sinon, transmettez-nous une adresse mail valide pour pouvoir le recevoir.<\/em><\/p>\n\n\n\n<p><\/p>\n\n\n\n<p><strong><span style=\"text-decoration: underline;\">ETAPE 2 <\/span>: INSCRIPTION ADMINISTRATIVE ET REGLEMENT<\/strong><\/p>\n\n\n\n<p>Apr\u00e8s avoir valid\u00e9 le formulaire sur Gest&rsquo;Hand. Merci de bien vouloir remplir le document <span style=\"text-decoration: underline;\">\u00ab\u00a0Inscriptions-Licences 2025-2026\u00a0\u00bb <\/span>ci-dessous. Rapporter ce document ainsi que le r\u00e8glement au club. (CF document \u00ab\u00a0Tarifs et modalit\u00e9s de r\u00e8glement 2025-2026\u00a0\u00bb)<\/p>\n\n\n\n<div class=\"wp-block-file\"><a id=\"wp-block-file--media-5bd18123-f57d-4867-992c-8e3d6cb24344\" href=\"https:\/\/slvicomtais.fr\/wp-content\/uploads\/2024\/06\/INSCRIPTION-SAISON-2024-2025.pdf\" target=\"_blank\" rel=\"noreferrer noopener\">INSCRIPTION-SAISON-2024-2025<\/a><a href=\"https:\/\/slvicomtais.fr\/wp-content\/uploads\/2024\/06\/INSCRIPTION-SAISON-2024-2025.pdf\" class=\"wp-block-file__button wp-element-button\" download aria-describedby=\"wp-block-file--media-5bd18123-f57d-4867-992c-8e3d6cb24344\">T\u00e9l\u00e9charger<\/a><\/div>\n\n\n\n<div class=\"wp-block-file\"><a id=\"wp-block-file--media-6147b022-69e1-4c75-84ef-d221afa2ad7a\" href=\"https:\/\/slvicomtais.fr\/wp-content\/uploads\/2023\/06\/REGLEMENT-INTERIEUR.pdf\">REGLEMENT-INTERIEUR<\/a><a href=\"https:\/\/slvicomtais.fr\/wp-content\/uploads\/2023\/06\/REGLEMENT-INTERIEUR.pdf\" class=\"wp-block-file__button wp-element-button\" download aria-describedby=\"wp-block-file--media-6147b022-69e1-4c75-84ef-d221afa2ad7a\">T\u00e9l\u00e9charger<\/a><\/div>\n\n\n\n<p><\/p>\n\n\n\n<figure class=\"wp-block-image size-full\"><img loading=\"lazy\" decoding=\"async\" width=\"1017\" height=\"570\" src=\"https:\/\/slvicomtais.fr\/wp-content\/uploads\/2025\/07\/tarifs1-1.png\" alt=\"\" class=\"wp-image-2149\" srcset=\"https:\/\/slvicomtais.fr\/wp-content\/uploads\/2025\/07\/tarifs1-1.png 1017w, https:\/\/slvicomtais.fr\/wp-content\/uploads\/2025\/07\/tarifs1-1-300x168.png 300w, https:\/\/slvicomtais.fr\/wp-content\/uploads\/2025\/07\/tarifs1-1-768x430.png 768w\" sizes=\"auto, (max-width: 1017px) 100vw, 1017px\" \/><\/figure>\n\n\n\n<p><\/p>\n\n\n\n<p><span style=\"text-decoration: underline;\"><strong>ETAPE 3&nbsp;<\/strong>:<\/span> <strong>QUALIFICATION DE LA LICENCE<\/strong>                                                                                                                                                                             <\/p>\n\n\n\n<p>Une fois que votre licence est finalis\u00e9e et r\u00e9gl\u00e9e, vous recevrez un mail de qualification de la part de Gest\u2019Hand.&nbsp;<\/p>\n","protected":false},"excerpt":{"rendered":"<p>INSCRIPTION SAISON 2025 \/ 2026 Vous retrouverez l\u2019ensemble des informations et documents n\u00e9cessaires \u00e0 la cr\u00e9ation ou au renouvellement de votre licence pour la saison 2025-2026 ! DOCUMENT A TELECHARGER : AUTORISATION PARENTALE PEDIBUS CREATION D&rsquo;UNE LICENCE ETAPE 1 : PRENDRE CONTACT AVEC LE CLUB Envoyer votre demande de licence a l&rsquo;adresse suivante : bureau@slvicomtais.fr&#8230;<\/p>\n","protected":false},"author":3,"featured_media":0,"parent":0,"menu_order":0,"comment_status":"closed","ping_status":"closed","template":"","meta":{"_kadence_starter_templates_imported_post":false,"_kad_post_transparent":"","_kad_post_title":"","_kad_post_layout":"","_kad_post_sidebar_id":"","_kad_post_content_style":"","_kad_post_vertical_padding":"","_kad_post_feature":"","_kad_post_feature_position":"","_kad_post_header":false,"_kad_post_footer":false,"footnotes":""},"class_list":["post-1214","page","type-page","status-publish","hentry"],"_links":{"self":[{"href":"https:\/\/slvicomtais.fr\/index.php?rest_route=\/wp\/v2\/pages\/1214","targetHints":{"allow":["GET"]}}],"collection":[{"href":"https:\/\/slvicomtais.fr\/index.php?rest_route=\/wp\/v2\/pages"}],"about":[{"href":"https:\/\/slvicomtais.fr\/index.php?rest_route=\/wp\/v2\/types\/page"}],"author":[{"embeddable":true,"href":"https:\/\/slvicomtais.fr\/index.php?rest_route=\/wp\/v2\/users\/3"}],"replies":[{"embeddable":true,"href":"https:\/\/slvicomtais.fr\/index.php?rest_route=%2Fwp%2Fv2%2Fcomments&post=1214"}],"version-history":[{"count":28,"href":"https:\/\/slvicomtais.fr\/index.php?rest_route=\/wp\/v2\/pages\/1214\/revisions"}],"predecessor-version":[{"id":2150,"href":"https:\/\/slvicomtais.fr\/index.php?rest_route=\/wp\/v2\/pages\/1214\/revisions\/2150"}],"wp:attachment":[{"href":"https:\/\/slvicomtais.fr\/index.php?rest_route=%2Fwp%2Fv2%2Fmedia&parent=1214"}],"curies":[{"name":"wp","href":"https:\/\/api.w.org\/{rel}","templated":true}]}}